{"id":12,"date":"2021-03-16T11:03:46","date_gmt":"2021-03-16T11:03:46","guid":{"rendered":"https:\/\/www.trescostaff.co.uk\/?page_id=12"},"modified":"2026-03-28T09:17:53","modified_gmt":"2026-03-28T09:17:53","slug":"12-2","status":"publish","type":"page","link":"https:\/\/www.trescostaff.co.uk\/","title":{"rendered":"Tresco Staff Portal"},"content":{"rendered":"<div class=\"et_pb_section_2 et_pb_section et_pb_fullwidth_section et_section_regular et_block_section\">\n<section class=\"et_pb_fullwidth_header_1 et_pb_fullwidth_header et_pb_fullscreen et_pb_bg_layout_dark et_pb_text_align_center et_pb_module\"><div class=\"et_pb_fullwidth_header_container center\"><div class=\"header-content-container center\"><div class=\"header-content\"><img loading=\"lazy\" decoding=\"async\" src=\"https:\/\/www.trescostaff.co.uk\/wp-content\/uploads\/2026\/03\/Tresco-Hell-Bay-Logos-White.png\" title=\"Tresco-Hell-Bay-Logos-White\" width=\"800\" height=\"200\" srcset=\"https:\/\/www.trescostaff.co.uk\/wp-content\/uploads\/2026\/03\/Tresco-Hell-Bay-Logos-White.png 800w, https:\/\/www.trescostaff.co.uk\/wp-content\/uploads\/2026\/03\/Tresco-Hell-Bay-Logos-White-480x120.png 480w\" sizes=\"(min-width: 0px) and (max-width: 480px) 480px, (min-width: 481px) 800px, 100vw\" class=\"header-logo wp-image-158\" \/><h1 class=\"et_pb_module_header\">Tresco &#038; Hell Bay Staff Portal<\/h1><span class=\"et_pb_fullwidth_header_subhead\"><\/span><div class=\"et_pb_header_content_wrapper\"><p>Your virtual signpost to staff information and resources<\/p>\n<\/div><\/div><\/div><\/div><div class=\"et_pb_fullwidth_header_overlay\"><\/div><div class=\"et_pb_fullwidth_header_scroll\"><a class=\"scroll-down-container\" href=\"#\"><span class=\"scroll-down et-pb-icon\">\ue03a<\/span><\/a><\/div><\/section>\n<\/div>\n\n<div class=\"et_pb_section_3 et_pb_section et_section_regular et_block_section\">\n<div class=\"et_pb_row_5 et_pb_row et_pb_gutters3 et_block_row\">\n<div class=\"et_pb_column_15 et_pb_column et_pb_column_4_4 et-last-child et_block_column et_pb_css_mix_blend_mode_passthrough\">\n<div class=\"et_pb_text_1 et_pb_text et_pb_bg_layout_light et_pb_text_align_left et_pb_module\"><div class=\"et_pb_text_inner\" data-et-multi-view-load-tablet-hidden=\"true\" data-et-multi-view-load-phone-hidden=\"true\"><h2><strong>Welcome to the Tresco &amp; Hell Bay Staff Portal. Below, you&#8217;ll find links to all the resources you need to manage everything from your contract and pension to your holiday. <\/strong><\/h2>\n<h2>You&#8217;ll also find links to get in touch with the Personnel Department if you need anything at all &#8211; they&#8217;re here to support you with anything you might need throughout your time on the island.<\/h2>\n<h2>All links require login &#8211; you would have received these when you commenced your employment with us. If you can&#8217;t find these login details, please contact Personnel.<\/h2>\n<\/div><\/div>\n<\/div>\n<\/div>\n\n<div class=\"et_pb_row_6 et_pb_row et_pb_row_4col et_pb_gutters3 et_block_row\">\n<div class=\"et_pb_column_16 et_pb_column et_pb_column_1_4 et_block_column et_pb_css_mix_blend_mode_passthrough\">\n<div class=\"et_pb_blurb_14 et_pb_blurb et_pb_bg_layout_light et_pb_text_align_center et_pb_blurb_position_top et_clickable et_pb_module\"><div class=\"et_pb_blurb_content\"><div class=\"et_pb_main_blurb_image\"><a href=\"http:\/\/www.theemploymenthandbook.co.uk\" target=\"_blank\"><span class=\"et_pb_image_wrap\"><span class=\"et-pb-icon et-waypoint et_pb_animation_top et_pb_animation_top_tablet et_pb_animation_top_phone\">h<\/span><\/span><\/a><\/div><div class=\"et_pb_blurb_container\"><h4 class=\"et_pb_module_header\"><a href=\"http:\/\/www.theemploymenthandbook.co.uk\" target=\"_blank\">Your Contract &#038; Annual Leave Requests<\/a><\/h4><div class=\"et_pb_blurb_description\"><p>Your Staff Handbook for policies, holiday and absence booking<\/p>\n<\/div><\/div><\/div><\/div>\n\n<div class=\"et_pb_module et_pb_button_module_wrapper et_pb_button_12_wrapper\"><a class=\"et_pb_button_12 et_pb_button et_pb_bg_layout_light\" href=\"http:\/\/www.theemploymenthandbook.co.uk\" target=\"_blank\" data-icon=\"\" data-icon-tablet=\"\" data-icon-phone=\"\" rel=\"\">Staff Handbook<\/a><\/div>\n<\/div>\n\n<div class=\"et_pb_column_17 et_pb_column et_pb_column_1_4 et_block_column et_pb_css_mix_blend_mode_passthrough\">\n<div class=\"et_pb_blurb_15 et_pb_blurb et_pb_bg_layout_light et_pb_text_align_center et_pb_blurb_position_top et_clickable et_pb_module\"><div class=\"et_pb_blurb_content\"><div class=\"et_pb_main_blurb_image\"><a href=\"https:\/\/bishopfleming.paydashboard.com\" target=\"_blank\"><span class=\"et_pb_image_wrap\"><span class=\"et-pb-icon et-waypoint et_pb_animation_top et_pb_animation_top_tablet et_pb_animation_top_phone\">\ue014<\/span><\/span><\/a><\/div><div class=\"et_pb_blurb_container\"><h4 class=\"et_pb_module_header\"><a href=\"https:\/\/bishopfleming.paydashboard.com\" target=\"_blank\">Payslips &#038; Payroll Documents<\/a><\/h4><div class=\"et_pb_blurb_description\"><p>View your payslips and other pay related documents and files<\/p>\n<\/div><\/div><\/div><\/div>\n\n<div class=\"et_pb_module et_pb_button_module_wrapper et_pb_button_13_wrapper\"><a class=\"et_pb_button_13 et_pb_button et_pb_bg_layout_light\" href=\"https:\/\/bishopfleming.paydashboard.com\" target=\"_blank\" data-icon=\"\" data-icon-tablet=\"\" data-icon-phone=\"\" rel=\"\">Pay Portal<\/a><\/div>\n<\/div>\n\n<div class=\"et_pb_column_18 et_pb_column et_pb_column_1_4 et_block_column et_pb_css_mix_blend_mode_passthrough\">\n<div class=\"et_pb_blurb_16 et_pb_blurb et_pb_bg_layout_light et_pb_text_align_center et_pb_blurb_position_top et_clickable et_pb_module\"><div class=\"et_pb_blurb_content\"><div class=\"et_pb_main_blurb_image\"><a href=\"http:\/\/www.facebook.com\/groups\/trescostaff\" target=\"_blank\"><span class=\"et_pb_image_wrap\"><span class=\"et-pb-icon et-waypoint et_pb_animation_top et_pb_animation_top_tablet et_pb_animation_top_phone\">\ue08b<\/span><\/span><\/a><\/div><div class=\"et_pb_blurb_container\"><h4 class=\"et_pb_module_header\"><a href=\"http:\/\/www.facebook.com\/groups\/trescostaff\" target=\"_blank\">Tresco Estate Staff Noticeboard<\/a><\/h4><div class=\"et_pb_blurb_description\"><p>Our Facebook group for all Tresco Estate staff to keep in touch<\/p>\n<\/div><\/div><\/div><\/div>\n\n<div class=\"et_pb_module et_pb_button_module_wrapper et_pb_button_14_wrapper\"><a class=\"et_pb_button_14 et_pb_button et_pb_bg_layout_light\" href=\"http:\/\/www.facebook.com\/groups\/trescostaff\" target=\"_blank\" data-icon=\"\" data-icon-tablet=\"\" data-icon-phone=\"\" rel=\"\">Staff Noticeboard<\/a><\/div>\n<\/div>\n\n<div class=\"et_pb_column_19 et_pb_column et_pb_column_1_4 et-last-child et_block_column et_pb_css_mix_blend_mode_passthrough\">\n<div class=\"et_pb_blurb_17 et_pb_blurb et_pb_bg_layout_light et_pb_text_align_center et_pb_blurb_position_top et_clickable et_pb_module\"><div class=\"et_pb_blurb_content\"><div class=\"et_pb_main_blurb_image\"><a href=\"mailto:personnel@tresco.co.uk\" target=\"_blank\"><span class=\"et_pb_image_wrap\"><span class=\"et-pb-icon et-waypoint et_pb_animation_top et_pb_animation_top_tablet et_pb_animation_top_phone\">w<\/span><\/span><\/a><\/div><div class=\"et_pb_blurb_container\"><h4 class=\"et_pb_module_header\"><a href=\"mailto:personnel@tresco.co.uk\" target=\"_blank\">Email the Personnel Department<\/a><\/h4><div class=\"et_pb_blurb_description\"><p>Need anything? Get in touch with the Personnel Administrator<\/p>\n<\/div><\/div><\/div><\/div>\n\n<div class=\"et_pb_module et_pb_button_module_wrapper et_pb_button_15_wrapper\"><a class=\"et_pb_button_15 et_pb_button et_pb_bg_layout_light\" href=\"mailto:personnel@tresco.co.uk\" target=\"_blank\" data-icon=\"\" data-icon-tablet=\"\" data-icon-phone=\"\" rel=\"\">Email Us<\/a><\/div>\n<\/div>\n<\/div>\n\n<div class=\"et_pb_row_7 et_pb_row et_pb_row_4col et_pb_gutters3 et_block_row\">\n<div class=\"et_pb_column_20 et_pb_column et_pb_column_1_4 et_block_column et_pb_css_mix_blend_mode_passthrough\">\n<div class=\"et_pb_blurb_18 et_pb_blurb et_pb_bg_layout_light et_pb_text_align_center et_pb_blurb_position_top et_clickable et_pb_module\"><div class=\"et_pb_blurb_content\"><div class=\"et_pb_main_blurb_image\"><a href=\"http:\/\/www.tresco.co.uk\/jobs\" target=\"_blank\"><span class=\"et_pb_image_wrap\"><span class=\"et-pb-icon et-waypoint et_pb_animation_top et_pb_animation_top_tablet et_pb_animation_top_phone\">Z<\/span><\/span><\/a><\/div><div class=\"et_pb_blurb_container\"><h4 class=\"et_pb_module_header\"><a href=\"http:\/\/www.tresco.co.uk\/jobs\" target=\"_blank\">See our Current Job Vacancies<\/a><\/h4><div class=\"et_pb_blurb_description\"><p>Find new seasonal and permanent positions with us<\/p>\n<\/div><\/div><\/div><\/div>\n\n<div class=\"et_pb_module et_pb_button_module_wrapper et_pb_button_16_wrapper\"><a class=\"et_pb_button_16 et_pb_button et_pb_bg_layout_light\" href=\"http:\/\/www.tresco.co.uk\/jobs\" target=\"_blank\" data-icon=\"\" data-icon-tablet=\"\" data-icon-phone=\"\" rel=\"\">Our Vacancies<\/a><\/div>\n<\/div>\n\n<div class=\"et_pb_column_21 et_pb_column et_pb_column_1_4 et_block_column et_pb_css_mix_blend_mode_passthrough\">\n<div class=\"et_pb_blurb_19 et_pb_blurb et_pb_bg_layout_light et_pb_text_align_center et_pb_blurb_position_top et_clickable et_pb_module\"><div class=\"et_pb_blurb_content\"><div class=\"et_pb_main_blurb_image\"><a href=\"https:\/\/retiready.co.uk\/public\/sign-in.html\" target=\"_blank\"><span class=\"et_pb_image_wrap\"><span class=\"et-pb-icon et-waypoint et_pb_animation_top et_pb_animation_top_tablet et_pb_animation_top_phone\">\ue021<\/span><\/span><\/a><\/div><div class=\"et_pb_blurb_container\"><h4 class=\"et_pb_module_header\"><a href=\"https:\/\/retiready.co.uk\/public\/sign-in.html\" target=\"_blank\">Permanent Staff Pension Scheme Login<\/a><\/h4><div class=\"et_pb_blurb_description\"><p>Login to manage your Permanent staff pension<\/p>\n<\/div><\/div><\/div><\/div>\n\n<div class=\"et_pb_module et_pb_button_module_wrapper et_pb_button_17_wrapper\"><a class=\"et_pb_button_17 et_pb_button et_pb_bg_layout_light\" href=\"https:\/\/retiready.co.uk\/public\/sign-in.html\" target=\"_blank\" data-icon=\"\" data-icon-tablet=\"\" data-icon-phone=\"\" rel=\"\">Permanent Login<\/a><\/div>\n<\/div>\n\n<div class=\"et_pb_column_22 et_pb_column et_pb_column_1_4 et_block_column et_pb_css_mix_blend_mode_passthrough\">\n<div class=\"et_pb_blurb_20 et_pb_blurb et_pb_bg_layout_light et_pb_text_align_center et_pb_blurb_position_top et_clickable et_pb_module\"><div class=\"et_pb_blurb_content\"><div class=\"et_pb_main_blurb_image\"><a href=\"https:\/\/www.nestpensions.org.uk\/schemeweb\/nest.html\" target=\"_blank\"><span class=\"et_pb_image_wrap\"><span class=\"et-pb-icon et-waypoint et_pb_animation_top et_pb_animation_top_tablet et_pb_animation_top_phone\">\ue021<\/span><\/span><\/a><\/div><div class=\"et_pb_blurb_container\"><h4 class=\"et_pb_module_header\"><a href=\"https:\/\/www.nestpensions.org.uk\/schemeweb\/nest.html\" target=\"_blank\">Seasonal Staff Pension Scheme Login<\/a><\/h4><div class=\"et_pb_blurb_description\"><p>Login to manage your Seasonal staff pension<\/p>\n<\/div><\/div><\/div><\/div>\n\n<div class=\"et_pb_module et_pb_button_module_wrapper et_pb_button_18_wrapper\"><a class=\"et_pb_button_18 et_pb_button et_pb_bg_layout_light\" href=\"https:\/\/www.nestpensions.org.uk\/schemeweb\/nest.html\" target=\"_blank\" data-icon=\"\" data-icon-tablet=\"\" data-icon-phone=\"\" rel=\"\">Seasonal Login<\/a><\/div>\n<\/div>\n\n<div class=\"et_pb_column_23 et_pb_column et_pb_column_1_4 et-last-child et_block_column et_pb_css_mix_blend_mode_passthrough\">\n<div class=\"et_pb_blurb_21 et_pb_blurb et_pb_bg_layout_light et_pb_text_align_center et_pb_blurb_position_top et_clickable et_pb_module\"><div class=\"et_pb_blurb_content\"><div class=\"et_pb_main_blurb_image\"><a href=\"https:\/\/econnect.hr4uk.com\/Login\" target=\"_blank\"><span class=\"et_pb_image_wrap\"><span class=\"et-pb-icon et-waypoint et_pb_animation_top et_pb_animation_top_tablet et_pb_animation_top_phone\">\ue109<\/span><\/span><\/a><\/div><div class=\"et_pb_blurb_container\"><h4 class=\"et_pb_module_header\"><a href=\"https:\/\/econnect.hr4uk.com\/Login\" target=\"_blank\">HR4UK Management Portal<\/a><\/h4><div class=\"et_pb_blurb_description\"><p>Staff HR administration (accessible to managers only)<\/p>\n<\/div><\/div><\/div><\/div>\n\n<div class=\"et_pb_module et_pb_button_module_wrapper et_pb_button_19_wrapper\"><a class=\"et_pb_button_19 et_pb_button et_pb_bg_layout_light\" href=\"https:\/\/econnect.hr4uk.com\/Login\" target=\"_blank\" data-icon=\"\" data-icon-tablet=\"\" data-icon-phone=\"\" rel=\"\">HR4UK Portal<\/a><\/div>\n<\/div>\n<\/div>\n\n<div class=\"et_pb_row_8 et_pb_row et_pb_row_4col et_pb_gutters3 et_block_row\">\n<div class=\"et_pb_column_24 et_pb_column et_pb_column_1_4 et_block_column et_pb_css_mix_blend_mode_passthrough\">\n<div class=\"et_pb_blurb_22 et_pb_blurb et_pb_bg_layout_light et_pb_text_align_center et_pb_blurb_position_top et_clickable et_pb_module\"><div class=\"et_pb_blurb_content\"><div class=\"et_pb_main_blurb_image\"><a href=\"https:\/\/www.tresco.co.uk\/arriving\/tresco-boats\" target=\"_blank\"><span class=\"et_pb_image_wrap\"><span class=\"et-pb-icon et-waypoint et_pb_animation_top et_pb_animation_top_tablet et_pb_animation_top_phone\">\uf13d<\/span><\/span><\/a><\/div><div class=\"et_pb_blurb_container\"><h4 class=\"et_pb_module_header\"><a href=\"https:\/\/www.tresco.co.uk\/arriving\/tresco-boats\" target=\"_blank\">Tresco Boat Services<\/a><\/h4><div class=\"et_pb_blurb_description\"><p>Check our boating schedules and information to make the most of your time on Tresco<\/p>\n<\/div><\/div><\/div><\/div>\n\n<div class=\"et_pb_module et_pb_button_module_wrapper et_pb_button_20_wrapper\"><a class=\"et_pb_button_20 et_pb_button et_pb_bg_layout_light\" href=\"https:\/\/www.tresco.co.uk\/arriving\/tresco-boats\" target=\"_blank\" data-icon=\"\" data-icon-tablet=\"\" data-icon-phone=\"\" rel=\"\">Find out more<\/a><\/div>\n<\/div>\n\n<div class=\"et_pb_column_25 et_pb_column et_pb_column_1_4 et_block_column et_pb_css_mix_blend_mode_passthrough\">\n<div class=\"et_pb_blurb_23 et_pb_blurb et_pb_bg_layout_light et_pb_text_align_center et_pb_blurb_position_top et_clickable et_pb_module\"><div class=\"et_pb_blurb_content\"><div class=\"et_pb_main_blurb_image\"><a href=\"http:\/\/www.tresco.co.uk\/jobs\" target=\"_blank\"><span class=\"et_pb_image_wrap\"><span class=\"et-pb-icon et-waypoint et_pb_animation_top et_pb_animation_top_tablet et_pb_animation_top_phone\">\ue017<\/span><\/span><\/a><\/div><div class=\"et_pb_blurb_container\"><h4 class=\"et_pb_module_header\"><a href=\"http:\/\/www.tresco.co.uk\/jobs\" target=\"_blank\">Employee Online Discounts<\/a><\/h4><div class=\"et_pb_blurb_description\"><p>Offering discounts at a great selection of shops and websites<\/p>\n<\/div><\/div><\/div><\/div>\n\n<div class=\"et_pb_module et_pb_button_module_wrapper et_pb_button_21_wrapper\"><a class=\"et_pb_button_21 et_pb_button et_pb_bg_layout_light\" href=\"https:\/\/hr4ukrewards.fizzbenefits.com\/registerwithcode\/HR4UK666453\" target=\"_blank\" data-icon=\"\" data-icon-tablet=\"\" data-icon-phone=\"\" rel=\"\">Register Here<\/a><\/div>\n<\/div>\n\n<div class=\"et_pb_column_26 et_pb_column et_pb_column_1_4 et_block_column et_pb_css_mix_blend_mode_passthrough\">\n<div class=\"et_pb_blurb_24 et_pb_blurb et_pb_bg_layout_light et_pb_text_align_center et_pb_blurb_position_top et_clickable et_pb_module\"><div class=\"et_pb_blurb_content\"><div class=\"et_pb_main_blurb_image\"><a href=\"https:\/\/econnect.hr4uk.com\/Login\" target=\"_blank\"><span class=\"et_pb_image_wrap\"><span class=\"et-pb-icon et-waypoint et_pb_animation_top et_pb_animation_top_tablet et_pb_animation_top_phone\">\ue105<\/span><\/span><\/a><\/div><div class=\"et_pb_blurb_container\"><h4 class=\"et_pb_module_header\"><a href=\"https:\/\/econnect.hr4uk.com\/Login\" target=\"_blank\">Food Hygiene Online Course<\/a><\/h4><div class=\"et_pb_blurb_description\"><p>Click here to access the course using your login details<\/p>\n<\/div><\/div><\/div><\/div>\n\n<div class=\"et_pb_module et_pb_button_module_wrapper et_pb_button_22_wrapper\"><a class=\"et_pb_button_22 et_pb_button et_pb_bg_layout_light\" href=\"https:\/\/www.creativelearninglms.co.uk\/\" target=\"_blank\" data-icon=\"\" data-icon-tablet=\"\" data-icon-phone=\"\" rel=\"\">Access the course<\/a><\/div>\n<\/div>\n\n<div class=\"et_pb_column_27 et_pb_column et_pb_column_1_4 et-last-child et_block_column et_pb_css_mix_blend_mode_passthrough\">\n<div class=\"et_pb_blurb_25 et_pb_blurb et_pb_bg_layout_light et_pb_text_align_center et_pb_blurb_position_top et_clickable et_pb_module\"><div class=\"et_pb_blurb_content\"><div class=\"et_pb_main_blurb_image\"><a href=\"https:\/\/docs.google.com\/forms\/d\/e\/1FAIpQLSdb_lP6ZGIfM-hs-_g90A_PWssb5R1n4lxPhFOw9_9Xu3HXTw\/viewform?usp=sharing&#038;ouid=100832136010614870905\" target=\"_blank\"><span class=\"et_pb_image_wrap\"><span class=\"et-pb-icon et-waypoint et_pb_animation_top et_pb_animation_top_tablet et_pb_animation_top_phone\">\ue60f<\/span><\/span><\/a><\/div><div class=\"et_pb_blurb_container\"><h4 class=\"et_pb_module_header\"><a href=\"https:\/\/docs.google.com\/forms\/d\/e\/1FAIpQLSdb_lP6ZGIfM-hs-_g90A_PWssb5R1n4lxPhFOw9_9Xu3HXTw\/viewform?usp=sharing&#038;ouid=100832136010614870905\" target=\"_blank\">Give us your feedback<\/a><\/h4><div class=\"et_pb_blurb_description\"><p>Help us improve the staff experience on Tresco &#8211; you can do this anonymously if you wish<\/p>\n<\/div><\/div><\/div><\/div>\n\n<div class=\"et_pb_module et_pb_button_module_wrapper et_pb_button_23_wrapper\"><a class=\"et_pb_button_23 et_pb_button et_pb_bg_layout_light\" href=\"https:\/\/docs.google.com\/forms\/d\/e\/1FAIpQLSdb_lP6ZGIfM-hs-_g90A_PWssb5R1n4lxPhFOw9_9Xu3HXTw\/viewform?usp=sharing&#038;ouid=100832136010614870905\" target=\"_blank\" data-icon=\"\" data-icon-tablet=\"\" data-icon-phone=\"\" rel=\"\">Access the survey<\/a><\/div>\n<\/div>\n<\/div>\n\n<div class=\"et_pb_row_9 et_pb_row et_pb_gutters3 et_block_row\">\n<div class=\"et_pb_column_28 et_pb_column et_pb_column_1_2 et_block_column et_pb_css_mix_blend_mode_passthrough\">\n<div class=\"et_pb_blurb_26 et_pb_blurb et_pb_bg_layout_light et_pb_text_align_center et_pb_blurb_position_top et_clickable et_pb_module\"><div class=\"et_pb_blurb_content\"><div class=\"et_pb_main_blurb_image\"><a href=\"https:\/\/www.tresco.co.uk\/arriving\/tresco-boats\" target=\"_blank\"><span class=\"et_pb_image_wrap\"><span class=\"et-pb-icon et-waypoint et_pb_animation_top et_pb_animation_top_tablet et_pb_animation_top_phone\">\ue100<\/span><\/span><\/a><\/div><div class=\"et_pb_blurb_container\"><h4 class=\"et_pb_module_header\"><a href=\"https:\/\/www.tresco.co.uk\/arriving\/tresco-boats\" target=\"_blank\">Staff Privilege Card Benefits<\/a><\/h4><div class=\"et_pb_blurb_description\"><p style=\"text-align: center;\"><em><strong>Staff privileges are subject to change and restrictions, and are only available on production of a Tresco Staff Privilege Card <span style=\"text-decoration: underline;\">before<\/span> the transaction<\/strong><\/em><\/p>\n<p style=\"text-align: center;\"><strong>20% discount<\/strong> at The New Inn, Flying Boat Caf\u00e9, Ruin Beach Caf\u00e9, Tresco Stores, Gallery Tresco, Lucy Tania, Garden Shop &amp; Caf\u00e9, Hell Bay Hotel and Tresco Island Spa treatments<\/p>\n<p><strong>Free scheduled boating<\/strong> with Tresco Boats Services <em>(Daytime boating on &#8216;Firethorn&#8217;\u00a0 from April to October only, excluding Wildlife and Evening trips; Tresco Privilege Card AND staff boat ticket must be presented)<\/em><\/p>\n<p><strong>\u00a31.75 takeaway coffee<\/strong> at The New Inn, Flying Boat, Ruin Beach Hut, Garden Caf<span>\u00e9 and Hell Bay Hotel. Please avoid busy times and bring your own cup where possible.<\/span><\/p>\n<p style=\"text-align: center;\"><strong>Free entry to Tresco Abbey Garden<\/strong> (including for visiting family members)<\/p>\n<p style=\"text-align: center;\"><strong>Discounted membership &amp; treatments<\/strong> at Tresco Island Spa<\/p>\n<p style=\"text-align: center;\"><strong>Discounted equipment hire<\/strong> at Hut 62 on Tresco &amp; Bryher (<a href=\"https:\/\/www.trescostaff.co.uk\/wp-content\/uploads\/2025\/04\/Hut-62.jpeg\">see here<\/a> for the 2025 staff rates) and <a href=\"https:\/\/www.hut62.co.uk\">click here<\/a> to find out more and book<\/p>\n<p style=\"text-align: center;\"><strong>Discounted Golf Buggy &amp; Bike Hire\u00a0<\/strong>for Friends and Family<\/p>\n<p style=\"text-align: center;\"><strong>Free use of camping equipment<\/strong> (Collect from Personnel\/Hell Bay &#8211; for use on island campsites only; wild camping strictly prohibited)<\/p>\n<p style=\"text-align: center;\"><strong>Friends &amp; Family discount<\/strong> on accommodation (enquire at Island Office &#8211; available for booking 2 weeks in advance on selected availability)<\/p>\n<p style=\"text-align: center;\"><strong>Discount at Bryher Campsite<\/strong> &#8211; \u00a311 per person per night (usual rate \u00a313pppn). To <a href=\"https:\/\/bryhercampsite.co.uk\/\">book online<\/a> please use code TSOSTAFF. Please note you must show your Tresco Staff card on arrival or the full rate will be charged.<\/p>\n<p style=\"text-align: center;\">\n<\/div><\/div><\/div><\/div>\n<\/div>\n\n<div class=\"et_pb_column_29 et_pb_column et_pb_column_1_2 et-last-child et_block_column et_pb_css_mix_blend_mode_passthrough\">\n<div class=\"et_pb_blurb_27 et_pb_blurb et_pb_bg_layout_light et_pb_text_align_center et_pb_blurb_position_top et_pb_module\"><div class=\"et_pb_blurb_content\"><div class=\"et_pb_main_blurb_image\"><span class=\"et_pb_image_wrap\"><span class=\"et-pb-icon et-waypoint et_pb_animation_top et_pb_animation_top_tablet et_pb_animation_top_phone\">\uf0ad<\/span><\/span><\/div><div class=\"et_pb_blurb_container\"><h4 class=\"et_pb_module_header\">Staff Accommodation Maintenance Request<\/h4><div class=\"et_pb_blurb_description\"><p>If you have a maintenance fault with your accommodation, please let us know using the form below and we&#8217;ll be in touch to arrange any required repairs.<\/p>\n<p>Please note: this form is not constantly monitored so if it&#8217;s urgent (e.g. a leak), please call Services directly on 01720 424101.<\/p>\n<\/div><\/div><\/div><\/div>\n\n<div class=\"et_pb_contact_form_1 et_pb_contact_form_container clearfix et_pb_module\" data-form_unique_num=\"1\" data-form_unique_id=\"06a43e05-3579-4f0c-b565-ce31fcef44f2\" id=\"et_pb_contact_form_1\"><div class=\"et-pb-contact-message\"><\/div><div class=\"et_pb_contact\"><form class=\"et_pb_contact_form clearfix\" method=\"post\" action=\"https:\/\/www.trescostaff.co.uk\/index.php\/wp-json\/wp\/v2\/pages\/12\">\n<p class=\"et_pb_contact_field_4 et_pb_contact_field et_pb_contact_field_half\" data-id=\"name\" data-type=\"input\"><label class=\"et_pb_contact_form_label\">Your Name<\/label><input type=\"text\" name=\"et_pb_contact_1_name_4\" id=\"et_pb_contact_1_name_4\" class=\"input\" data-required_mark=\"required\" data-field_type=\"input\" data-original_id=\"name\" placeholder=\"Your Name\" title=\"\" value=\"\" \/><\/p>\n\n<p class=\"et_pb_contact_field_5 et_pb_contact_field et_pb_contact_field_half et_pb_contact_field_last\" data-id=\"email\" data-type=\"email\"><label class=\"et_pb_contact_form_label\">Your email address<\/label><input type=\"text\" name=\"et_pb_contact_1_email_5\" id=\"et_pb_contact_1_email_5\" class=\"input\" data-required_mark=\"required\" data-field_type=\"email\" data-original_id=\"email\" placeholder=\"Your email address\" title=\"\" value=\"\" \/><\/p>\n\n<p class=\"et_pb_contact_field_6 et_pb_contact_field et_pb_contact_field_last\" data-id=\"accommodation\" data-type=\"input\"><label class=\"et_pb_contact_form_label\">Accommodation Name<\/label><input type=\"text\" name=\"et_pb_contact_1_accommodation_6\" id=\"et_pb_contact_1_accommodation_6\" class=\"input\" data-required_mark=\"required\" data-field_type=\"input\" data-original_id=\"accommodation\" placeholder=\"Accommodation Name\" title=\"\" value=\"\" \/><\/p>\n\n<p class=\"et_pb_contact_field_7 et_pb_contact_field et_pb_contact_field_last\" data-id=\"fault\" data-type=\"text\"><label class=\"et_pb_contact_form_label\">Please give details of the fault<\/label><textarea name=\"et_pb_contact_1_fault_7\" id=\"et_pb_contact_1_fault_7\" class=\"et_pb_contact_message input\" data-required_mark=\"required\" data-field_type=\"text\" data-original_id=\"fault\" placeholder=\"Please give details of the fault\"><\/textarea><\/p>\n<input type=\"hidden\" name=\"et_pb_contactform_submit_1\" value=\"et_contact_proccess\" \/><div class=\"et_contact_bottom_container\"><div class=\"et_pb_contact_right\"><p class=\"clearfix\"><span class=\"et_pb_contact_captcha_question\">2 + 4<\/span> = <input type=\"text\" size=\"2\" class=\"input et_pb_contact_captcha\" data-first_digit=\"2\" data-second_digit=\"4\" data-required_mark=\"required\" name=\"et_pb_contact_captcha_1\" autocomplete=\"off\" \/><\/p><\/div><div class=\"et_pb_button_wrapper\"><button type=\"submit\" name=\"et_builder_submit_button\" class=\"et_pb_button et_pb_contact_submit\">Submit<\/button><\/div><\/div><input type=\"hidden\" id=\"_wpnonce-et-pb-contact-form-submitted-1\" name=\"_wpnonce-et-pb-contact-form-submitted-1\" value=\"3caf7d2679\" \/><input type=\"hidden\" name=\"_wp_http_referer\" value=\"\/index.php\/wp-json\/wp\/v2\/pages\/12\" \/><\/form><\/div><\/div>\n<\/div>\n<\/div>\n<\/div>","protected":false},"excerpt":{"rendered":"","protected":false},"author":1,"featured_media":0,"parent":0,"menu_order":0,"comment_status":"closed","ping_status":"closed","template":"","meta":{"footnotes":""},"class_list":["post-12","page","type-page","status-publish","hentry"],"_links":{"self":[{"href":"https:\/\/www.trescostaff.co.uk\/index.php\/wp-json\/wp\/v2\/pages\/12","targetHints":{"allow":["GET"]}}],"collection":[{"href":"https:\/\/www.trescostaff.co.uk\/index.php\/wp-json\/wp\/v2\/pages"}],"about":[{"href":"https:\/\/www.trescostaff.co.uk\/index.php\/wp-json\/wp\/v2\/types\/page"}],"author":[{"embeddable":true,"href":"https:\/\/www.trescostaff.co.uk\/index.php\/wp-json\/wp\/v2\/users\/1"}],"replies":[{"embeddable":true,"href":"https:\/\/www.trescostaff.co.uk\/index.php\/wp-json\/wp\/v2\/comments?post=12"}],"version-history":[{"count":11,"href":"https:\/\/www.trescostaff.co.uk\/index.php\/wp-json\/wp\/v2\/pages\/12\/revisions"}],"predecessor-version":[{"id":159,"href":"https:\/\/www.trescostaff.co.uk\/index.php\/wp-json\/wp\/v2\/pages\/12\/revisions\/159"}],"wp:attachment":[{"href":"https:\/\/www.trescostaff.co.uk\/index.php\/wp-json\/wp\/v2\/media?parent=12"}],"curies":[{"name":"wp","href":"https:\/\/api.w.org\/{rel}","templated":true}]}}